{"id":9567,"date":"2023-05-17T21:48:09","date_gmt":"2023-05-18T02:48:09","guid":{"rendered":"https:\/\/gentechbio.com\/producto\/multi-workstation-beauty-cell-nb803ms-nb803msf\/"},"modified":"2023-07-30T23:33:33","modified_gmt":"2023-07-31T04:33:33","slug":"multi-workstation-beauty-cell-nb803ms-nb803msf","status":"publish","type":"product","link":"https:\/\/gentechbio.com\/en\/producto\/multi-workstation-beauty-cell-nb803ms-nb803msf\/","title":{"rendered":"Multi Workstation Beauty Cell (NB803MS &#8211; NB803MSF)"},"content":{"rendered":"<p><span data-sheets-value=\"{\"1\":2,\"2\":\"Beauty Cell es una estaci\u00f3n de trabajo vers\u00e1til que combina las funciones de una cabina esteril, una centr\u00edfuga y una incubadora con agitaci\u00f3n en una \u00fanica estaci\u00f3n de trabajo. Su dise\u00f1o integrado permite que la centr\u00edfuga y la incubadora con agitaci\u00f3n operen dentro de la cabina, lo que proporciona condiciones as\u00e9pticas optimas mediante la circulaci\u00f3n del aire a trav\u00e9s de un filtro HEPA. De esta manera, se minimiza el riesgo de contaminaci\u00f3n durante el aislamiento de c\u00e9lulas madre o cualquier otra aplicaci\u00f3n biol\u00f3gica que requiera de una centr\u00edfuga e incubadora con agitaci\u00f3n. Gracias a su dise\u00f1o todo en uno, Beauty Cell es una soluci\u00f3n eficiente para llevar a cabo m\u00faltiples tareas en un solo lugar.\"}\" data-sheets-userformat=\"{\"2\":4225,\"3\":{\"1\":0},\"10\":2,\"15\":\"Arial\"}\">Beauty Cell is a versatile workstation that combines the functions of a sterile cabinet, a centrifuge and a shaking incubator in a single workstation. Its integrated design allows the centrifuge and shaking incubator to operate inside the cabinet, providing optimal aseptic conditions by circulating air through a HEPA filter. This minimizes the risk of contamination during stem cell isolation or any other biological application requiring a centrifuge and shaking incubator. Thanks to its all-in-one design, Beauty Cell is an efficient solution to perform multiple tasks in one place.<\/span><\/p>\n","protected":false},"excerpt":{"rendered":"<p>Beauty Cell is an all-in-one workstation that combines a sterile cabinet, a centrifuge and a shaking incubator. Its integrated design provides an aseptic environment and minimizes the risk of contamination in biological applications.<\/p>\n","protected":false},"featured_media":10367,"template":"","meta":{"_acf_changed":false,"site-sidebar-layout":"default","site-content-layout":"default","ast-site-content-layout":"default","site-content-style":"default","site-sidebar-style":"default","ast-global-header-display":"","ast-banner-title-visibility":"","ast-main-header-display":"","ast-hfb-above-header-display":"","ast-hfb-below-header-display":"","ast-hfb-mobile-header-display":"","site-post-title":"","ast-breadcrumbs-content":"","ast-featured-img":"","footer-sml-layout":"","theme-transparent-header-meta":"default","adv-header-id-meta":"","stick-header-meta":"","header-above-stick-meta":"","header-main-stick-meta":"","header-below-stick-meta":"","astra-migrate-meta-layouts":"default","ast-page-background-enabled":"default","ast-page-background-meta":{"desktop":{"background-color":"var(--ast-global-color-4)","background-image":"","background-repeat":"repeat","background-position":"center center","background-size":"auto","background-attachment":"scroll","background-type":"","background-media":"","overlay-type":"","overlay-color":"","overlay-opacity":"","overlay-gradient":""},"tablet":{"background-color":"","background-image":"","background-repeat":"repeat","background-position":"center center","background-size":"auto","background-attachment":"scroll","background-type":"","background-media":"","overlay-type":"","overlay-color":"","overlay-opacity":"","overlay-gradient":""},"mobile":{"background-color":"","background-image":"","background-repeat":"repeat","background-position":"center center","background-size":"auto","background-attachment":"scroll","background-type":"","background-media":"","overlay-type":"","overlay-color":"","overlay-opacity":"","overlay-gradient":""}},"ast-content-background-meta":{"desktop":{"background-color":"var(--ast-global-color-5)","background-image":"","background-repeat":"repeat","background-position":"center center","background-size":"auto","background-attachment":"scroll","background-type":"","background-media":"","overlay-type":"","overlay-color":"","overlay-opacity":"","overlay-gradient":""},"tablet":{"background-color":"var(--ast-global-color-5)","background-image":"","background-repeat":"repeat","background-position":"center center","background-size":"auto","background-attachment":"scroll","background-type":"","background-media":"","overlay-type":"","overlay-color":"","overlay-opacity":"","overlay-gradient":""},"mobile":{"background-color":"var(--ast-global-color-5)","background-image":"","background-repeat":"repeat","background-position":"center center","background-size":"auto","background-attachment":"scroll","background-type":"","background-media":"","overlay-type":"","overlay-color":"","overlay-opacity":"","overlay-gradient":""}},"_joinchat":[]},"product_brand":[],"product_cat":[214,173,151,213,215],"product_tag":[],"class_list":{"0":"post-9567","1":"product","2":"type-product","3":"status-publish","4":"has-post-thumbnail","6":"product_cat-biosafety-cabinets","7":"product_cat-equipment","8":"product_cat-products","9":"product_cat-robust-equipment","10":"product_cat-stem-cells","11":"pa_marca-n-biotek","12":"desktop-align-center","13":"tablet-align-left","14":"mobile-align-left","16":"first","17":"instock","18":"shipping-taxable","19":"product-type-simple"},"acf":[],"_links":{"self":[{"href":"https:\/\/gentechbio.com\/en\/wp-json\/wp\/v2\/product\/9567","targetHints":{"allow":["GET"]}}],"collection":[{"href":"https:\/\/gentechbio.com\/en\/wp-json\/wp\/v2\/product"}],"about":[{"href":"https:\/\/gentechbio.com\/en\/wp-json\/wp\/v2\/types\/product"}],"version-history":[{"count":0,"href":"https:\/\/gentechbio.com\/en\/wp-json\/wp\/v2\/product\/9567\/revisions"}],"wp:featuredmedia":[{"embeddable":true,"href":"https:\/\/gentechbio.com\/en\/wp-json\/wp\/v2\/media\/10367"}],"wp:attachment":[{"href":"https:\/\/gentechbio.com\/en\/wp-json\/wp\/v2\/media?parent=9567"}],"wp:term":[{"taxonomy":"product_brand","embeddable":true,"href":"https:\/\/gentechbio.com\/en\/wp-json\/wp\/v2\/product_brand?post=9567"},{"taxonomy":"product_cat","embeddable":true,"href":"https:\/\/gentechbio.com\/en\/wp-json\/wp\/v2\/product_cat?post=9567"},{"taxonomy":"product_tag","embeddable":true,"href":"https:\/\/gentechbio.com\/en\/wp-json\/wp\/v2\/product_tag?post=9567"}],"curies":[{"name":"wp","href":"https:\/\/api.w.org\/{rel}","templated":true}]}}