{"id":9563,"date":"2023-05-17T21:48:09","date_gmt":"2023-05-18T02:48:09","guid":{"rendered":"https:\/\/gentechbio.com\/producto\/pcr-workstation-nb603ws\/"},"modified":"2023-07-30T23:33:31","modified_gmt":"2023-07-31T04:33:31","slug":"pcr-workstation-nb603ws","status":"publish","type":"product","link":"https:\/\/gentechbio.com\/en\/producto\/pcr-workstation-nb603ws\/","title":{"rendered":"PCR Workstation (NB603WS)"},"content":{"rendered":"<p><span data-sheets-value=\"{\"1\":2,\"2\":\"Este puesto de trabajo es una cabina de seguridad biol\u00f3gica con filtro HEPA y estaci\u00f3n de trabajo PCR UV. Est\u00e1 dise\u00f1ado como un banco de trabajo con una estructura met\u00e1lica, paredes de policarbonato y superficie de trabajo de acero inoxidable. Para asegurar la esterilidad del ambiente, la cabina cuenta con l\u00e1mparas UV expuestas y una circulaci\u00f3n horizontal de aire a trav\u00e9s de un filtro HEPA. Este tipo de cabina de seguridad biol\u00f3gica es especialmente \u00fatil durante la manipulaci\u00f3n de muestras de ADN\/ARN y en trabajos de PCR para evitar la contaminaci\u00f3n cruzada. \"}\" data-sheets-userformat=\"{\"2\":4225,\"3\":{\"1\":0},\"10\":2,\"15\":\"Arial\"}\">This workstation is a PCR Workstation with HEPA filter and UV PCR workstation. It is designed as a workbench with a metal structure, polycarbonate walls and stainless steel work surface. To ensure the sterility of the environment, the cabinet has exposed UV lamps and horizontal air circulation through a HEPA filter. This type of biological safety cabinet is especially useful during DNA\/RNA sample handling and PCR work to avoid cross-contamination.  <\/span><\/p>\n","protected":false},"excerpt":{"rendered":"<p><span data-sheets-value=\"{\"1\":2,\"2\":\"La cabina de seguridad biol\u00f3gica con filtro HEPA y estaci\u00f3n de trabajo PCR UV est\u00e1 dise\u00f1ada para garantizar la esterilidad del ambiente durante la manipulaci\u00f3n de muestras de ADN\/ARN y en trabajos de PCR para evitar la contaminaci\u00f3n cruzada.\"}\" data-sheets-userformat=\"{\"2\":14467,\"3\":{\"1\":0},\"4\":{\"1\":2,\"2\":16777215},\"10\":2,\"14\":{\"1\":2,\"2\":2039583},\"15\":\"\"Google Sans\"\",\"16\":9}\">The biological safety cabinet with HEPA filter and UV PCR workstation is designed to ensure the sterility of the environment during DNA\/RNA sample handling and PCR work to avoid cross-contamination.<\/span><\/p>\n","protected":false},"featured_media":5957,"template":"","meta":{"_acf_changed":false,"site-sidebar-layout":"default","site-content-layout":"default","ast-site-content-layout":"default","site-content-style":"default","site-sidebar-style":"default","ast-global-header-display":"","ast-banner-title-visibility":"","ast-main-header-display":"","ast-hfb-above-header-display":"","ast-hfb-below-header-display":"","ast-hfb-mobile-header-display":"","site-post-title":"","ast-breadcrumbs-content":"","ast-featured-img":"","footer-sml-layout":"","theme-transparent-header-meta":"default","adv-header-id-meta":"","stick-header-meta":"","header-above-stick-meta":"","header-main-stick-meta":"","header-below-stick-meta":"","astra-migrate-meta-layouts":"default","ast-page-background-enabled":"default","ast-page-background-meta":{"desktop":{"background-color":"var(--ast-global-color-4)","background-image":"","background-repeat":"repeat","background-position":"center center","background-size":"auto","background-attachment":"scroll","background-type":"","background-media":"","overlay-type":"","overlay-color":"","overlay-opacity":"","overlay-gradient":""},"tablet":{"background-color":"","background-image":"","background-repeat":"repeat","background-position":"center center","background-size":"auto","background-attachment":"scroll","background-type":"","background-media":"","overlay-type":"","overlay-color":"","overlay-opacity":"","overlay-gradient":""},"mobile":{"background-color":"","background-image":"","background-repeat":"repeat","background-position":"center center","background-size":"auto","background-attachment":"scroll","background-type":"","background-media":"","overlay-type":"","overlay-color":"","overlay-opacity":"","overlay-gradient":""}},"ast-content-background-meta":{"desktop":{"background-color":"var(--ast-global-color-5)","background-image":"","background-repeat":"repeat","background-position":"center center","background-size":"auto","background-attachment":"scroll","background-type":"","background-media":"","overlay-type":"","overlay-color":"","overlay-opacity":"","overlay-gradient":""},"tablet":{"background-color":"var(--ast-global-color-5)","background-image":"","background-repeat":"repeat","background-position":"center center","background-size":"auto","background-attachment":"scroll","background-type":"","background-media":"","overlay-type":"","overlay-color":"","overlay-opacity":"","overlay-gradient":""},"mobile":{"background-color":"var(--ast-global-color-5)","background-image":"","background-repeat":"repeat","background-position":"center center","background-size":"auto","background-attachment":"scroll","background-type":"","background-media":"","overlay-type":"","overlay-color":"","overlay-opacity":"","overlay-gradient":""}},"_joinchat":[]},"product_brand":[],"product_cat":[154,173,158,151,199,174],"product_tag":[],"class_list":{"0":"post-9563","1":"product","2":"type-product","3":"status-publish","4":"has-post-thumbnail","6":"product_cat-amplification","7":"product_cat-equipment","8":"product_cat-pcr-endpoint","9":"product_cat-products","10":"product_cat-real-time-pcr","11":"product_cat-table-top-equipment","12":"pa_marca-n-biotek","13":"desktop-align-center","14":"tablet-align-left","15":"mobile-align-left","17":"first","18":"instock","19":"shipping-taxable","20":"product-type-simple"},"acf":[],"_links":{"self":[{"href":"https:\/\/gentechbio.com\/en\/wp-json\/wp\/v2\/product\/9563","targetHints":{"allow":["GET"]}}],"collection":[{"href":"https:\/\/gentechbio.com\/en\/wp-json\/wp\/v2\/product"}],"about":[{"href":"https:\/\/gentechbio.com\/en\/wp-json\/wp\/v2\/types\/product"}],"version-history":[{"count":0,"href":"https:\/\/gentechbio.com\/en\/wp-json\/wp\/v2\/product\/9563\/revisions"}],"wp:featuredmedia":[{"embeddable":true,"href":"https:\/\/gentechbio.com\/en\/wp-json\/wp\/v2\/media\/5957"}],"wp:attachment":[{"href":"https:\/\/gentechbio.com\/en\/wp-json\/wp\/v2\/media?parent=9563"}],"wp:term":[{"taxonomy":"product_brand","embeddable":true,"href":"https:\/\/gentechbio.com\/en\/wp-json\/wp\/v2\/product_brand?post=9563"},{"taxonomy":"product_cat","embeddable":true,"href":"https:\/\/gentechbio.com\/en\/wp-json\/wp\/v2\/product_cat?post=9563"},{"taxonomy":"product_tag","embeddable":true,"href":"https:\/\/gentechbio.com\/en\/wp-json\/wp\/v2\/product_tag?post=9563"}],"curies":[{"name":"wp","href":"https:\/\/api.w.org\/{rel}","templated":true}]}}