{"id":9528,"date":"2023-05-17T16:48:36","date_gmt":"2023-05-17T21:48:36","guid":{"rendered":"https:\/\/gentechbio.com\/producto\/kit-virotype-influenza-a-rt-pcr-96-reactions\/"},"modified":"2023-07-30T23:32:36","modified_gmt":"2023-07-31T04:32:36","slug":"kit-virotype-influenza-a-rt-pcr-96-reactions","status":"publish","type":"product","link":"https:\/\/gentechbio.com\/en\/producto\/kit-virotype-influenza-a-rt-pcr-96-reactions\/","title":{"rendered":"kit virotype Influenza A RT-PCR (96 reactions)"},"content":{"rendered":"<p>Presentation: 24 reactions, 96 reactions<\/p>\n<p><span data-sheets-value=\"{\"1\":2,\"2\":\"El kit INDICAL virotype Influenza A RT-PCR permite una r\u00e1pida y confiable identificaci\u00f3n de todas \u00f1las 16 subtipos HA del virus de Influenza A incluido el subtipo H5N8 que es altamente patog\u00e9nico.\"}\" data-sheets-userformat=\"{\"2\":14783,\"3\":{\"1\":0,\"3\":1},\"4\":{\"1\":2,\"2\":16777215},\"5\":{\"1\":[{\"1\":2,\"2\":0,\"5\":{\"1\":0}},{\"1\":0,\"2\":0,\"3\":3},{\"1\":1,\"2\":0,\"4\":1}]},\"6\":{\"1\":[{\"1\":2,\"2\":0,\"5\":{\"1\":0}},{\"1\":0,\"2\":0,\"3\":3},{\"1\":1,\"2\":0,\"4\":1}]},\"7\":{\"1\":[{\"1\":2,\"2\":0,\"5\":{\"1\":0}},{\"1\":0,\"2\":0,\"3\":3},{\"1\":1,\"2\":0,\"4\":1}]},\"8\":{\"1\":[{\"1\":2,\"2\":0,\"5\":{\"1\":0}},{\"1\":0,\"2\":0,\"3\":3},{\"1\":1,\"2\":0,\"4\":1}]},\"10\":1,\"11\":4,\"14\":{\"1\":2,\"2\":0},\"15\":\"Arial\",\"16\":12}\">The INDICAL virotype Influenza A RT-PCR kit allows rapid and reliable identification of all 16 HA subtypes of the Influenza A virus including the highly pathogenic H5N8 subtype.<\/span><\/p>\n<p>&nbsp;<\/p>\n<p><strong>Features and Specifications<\/strong><\/p>\n<ul>\n<li>RT-PCR run time less than 2 hours<\/li>\n<li>Contains a unique, easy-to-use reaction mixture that has an internal control included<\/li>\n<li>Validated for multiple sample types<\/li>\n<li>Birds: oropharyngeal, tracheal and cloacal swabs (individual and pooled use), fecal material and tissue.<\/li>\n<li>Pigs: Nasal swab, bronchoalveolar lavage tissue samples.<\/li>\n<li>Equines: nasal swabs<\/li>\n<li>It can also be used in cell culture supernatants.<\/li>\n<li>Due to the high sensitivity of the test, up to 10 individual samples can be analyzed individually.<\/li>\n<li>Can be done in one run with other commercial brand kits<\/li>\n<li>Successfully validated and approved by other reference laboratories around the world (FLI &#8211; OIE, FAO, and NRL for Avian Influenza (AI) in Germany and CSIRO, Australia).<\/li>\n<\/ul>\n<p><strong>Guaranteed supplies and exceptional support<\/strong><\/p>\n<ul>\n<li>We are the trusted provider of high quality qPCR since 2007.<\/li>\n<li>High production capacity and safety stocks<\/li>\n<li>Excellent technical support provided by Veterinarians<\/li>\n<\/ul>\n<p><strong>Influenza A virus<\/strong><\/p>\n<p><span data-sheets-value=\"{\"1\":2,\"2\":\"Los virus del g\u00e9nero Influenzavirus A pertenecen a la familia Orthomyxoviridae. Tienen un gran diversidad gen\u00e9tica y un amplio rango de virulencia. Estan agrupados de acuerdo con su patogenicidad en cepas altamente y pobremente patogenas. El pato es su reservorio natrual de las cepas de baja patogenicidad (LPAIV). A las cepas de alta patogenicidad (HPAIV) pertenecen los subtipos H5 o H7 y puede causar la peste aviar en las aves de corral dom\u00e9sticas con grandes p\u00e9rdidas econ\u00f3micas. Los subtipos H1N1, H1N2 y H3N2 del virus de la gripe A tambi\u00e9n pueden causar infecciones del tracto respiratorio en los cerdos, as\u00ed como el subtipo H3N8 en los \u00e9quidos.\"}\" data-sheets-userformat=\"{\"2\":14721,\"3\":{\"1\":0,\"3\":1},\"10\":1,\"11\":4,\"14\":{\"1\":2,\"2\":0},\"15\":\"Arial\",\"16\":12}\">Influenzavirus A viruses belong to the family Orthomyxoviridae. They have a great genetic diversity and a wide range of virulence. They are grouped according to their pathogenicity into highly and poorly pathogenic strains. The duck is its natural reservoir of low pathogenic strains (LPAIV). Highly pathogenic strains (HPAIV) belong to the H5 or H7 subtypes and can cause avian plague in domestic poultry with great economic losses. Influenza A virus subtypes H1N1, H1N2 and H3N2 can also cause respiratory tract infections in pigs, as can subtype H3N8 in equids.<\/span><\/p>\n","protected":false},"excerpt":{"rendered":"<p><span data-sheets-value=\"{\"1\":2,\"2\":\"Kit dise\u00f1ado para la detecci\u00f3n del RNA del virus de la Influenza A . (Disponibilidad \/Distribuci\u00f3n : Fuera de los Estados Unidos y Canada)\"}\" data-sheets-userformat=\"{\"2\":14593,\"3\":{\"1\":0,\"3\":1},\"11\":4,\"14\":{\"1\":3,\"3\":1},\"15\":\"Calibri\",\"16\":11}\">Kit designed for the detection of Influenza A virus RNA.<\/span><\/p>\n","protected":false},"featured_media":11580,"template":"","meta":{"_acf_changed":false,"site-sidebar-layout":"default","site-content-layout":"default","ast-site-content-layout":"default","site-content-style":"default","site-sidebar-style":"default","ast-global-header-display":"","ast-banner-title-visibility":"","ast-main-header-display":"","ast-hfb-above-header-display":"","ast-hfb-below-header-display":"","ast-hfb-mobile-header-display":"","site-post-title":"","ast-breadcrumbs-content":"","ast-featured-img":"","footer-sml-layout":"","theme-transparent-header-meta":"default","adv-header-id-meta":"","stick-header-meta":"","header-above-stick-meta":"","header-main-stick-meta":"","header-below-stick-meta":"","astra-migrate-meta-layouts":"default","ast-page-background-enabled":"default","ast-page-background-meta":{"desktop":{"background-color":"var(--ast-global-color-4)","background-image":"","background-repeat":"repeat","background-position":"center center","background-size":"auto","background-attachment":"scroll","background-type":"","background-media":"","overlay-type":"","overlay-color":"","overlay-opacity":"","overlay-gradient":""},"tablet":{"background-color":"","background-image":"","background-repeat":"repeat","background-position":"center center","background-size":"auto","background-attachment":"scroll","background-type":"","background-media":"","overlay-type":"","overlay-color":"","overlay-opacity":"","overlay-gradient":""},"mobile":{"background-color":"","background-image":"","background-repeat":"repeat","background-position":"center center","background-size":"auto","background-attachment":"scroll","background-type":"","background-media":"","overlay-type":"","overlay-color":"","overlay-opacity":"","overlay-gradient":""}},"ast-content-background-meta":{"desktop":{"background-color":"var(--ast-global-color-5)","background-image":"","background-repeat":"repeat","background-position":"center center","background-size":"auto","background-attachment":"scroll","background-type":"","background-media":"","overlay-type":"","overlay-color":"","overlay-opacity":"","overlay-gradient":""},"tablet":{"background-color":"var(--ast-global-color-5)","background-image":"","background-repeat":"repeat","background-position":"center center","background-size":"auto","background-attachment":"scroll","background-type":"","background-media":"","overlay-type":"","overlay-color":"","overlay-opacity":"","overlay-gradient":""},"mobile":{"background-color":"var(--ast-global-color-5)","background-image":"","background-repeat":"repeat","background-position":"center center","background-size":"auto","background-attachment":"scroll","background-type":"","background-media":"","overlay-type":"","overlay-color":"","overlay-opacity":"","overlay-gradient":""}},"_joinchat":[]},"product_brand":[],"product_cat":[177,184,183,185,186,182],"product_tag":[],"class_list":{"0":"post-9528","1":"product","2":"type-product","3":"status-publish","4":"has-post-thumbnail","6":"product_cat-applications","7":"product_cat-diagnosis-cattle","8":"product_cat-equine-diagnostics","9":"product_cat-poultry-diagnostics","10":"product_cat-swine-diagnostics","11":"product_cat-veterinary-diagnostics","12":"pa_marca-indical-bioscience","13":"desktop-align-center","14":"tablet-align-left","15":"mobile-align-left","17":"first","18":"instock","19":"shipping-taxable","20":"product-type-simple"},"acf":[],"_links":{"self":[{"href":"https:\/\/gentechbio.com\/en\/wp-json\/wp\/v2\/product\/9528","targetHints":{"allow":["GET"]}}],"collection":[{"href":"https:\/\/gentechbio.com\/en\/wp-json\/wp\/v2\/product"}],"about":[{"href":"https:\/\/gentechbio.com\/en\/wp-json\/wp\/v2\/types\/product"}],"version-history":[{"count":0,"href":"https:\/\/gentechbio.com\/en\/wp-json\/wp\/v2\/product\/9528\/revisions"}],"wp:featuredmedia":[{"embeddable":true,"href":"https:\/\/gentechbio.com\/en\/wp-json\/wp\/v2\/media\/11580"}],"wp:attachment":[{"href":"https:\/\/gentechbio.com\/en\/wp-json\/wp\/v2\/media?parent=9528"}],"wp:term":[{"taxonomy":"product_brand","embeddable":true,"href":"https:\/\/gentechbio.com\/en\/wp-json\/wp\/v2\/product_brand?post=9528"},{"taxonomy":"product_cat","embeddable":true,"href":"https:\/\/gentechbio.com\/en\/wp-json\/wp\/v2\/product_cat?post=9528"},{"taxonomy":"product_tag","embeddable":true,"href":"https:\/\/gentechbio.com\/en\/wp-json\/wp\/v2\/product_tag?post=9528"}],"curies":[{"name":"wp","href":"https:\/\/api.w.org\/{rel}","templated":true}]}}